{"id":3501,"date":"2024-01-22T01:18:57","date_gmt":"2024-01-22T00:18:57","guid":{"rendered":"https:\/\/historisktkorrekt.se\/?post_type=product&#038;p=3501"},"modified":"2024-07-04T12:48:26","modified_gmt":"2024-07-04T11:48:26","slug":"nato-de-skapade-ett-blodigt-1900-tal-del-1-del-2","status":"publish","type":"product","link":"https:\/\/historisktkorrekt.se\/en\/product\/nato-de-skapade-ett-blodigt-1900-tal-del-1-del-2\/","title":{"rendered":"3 B\u00f6cker: NATO &#8211; Ett monster p\u00e5 katastrofkurs + De skapade ett blodigt 1900-tal del 1 + del 2"},"content":{"rendered":"<p>Ett unikt tillf\u00e4lle att best\u00e4lla alla tre b\u00f6cker f\u00f6r 699 kr (ordinarie pris: 779 kr).<\/p>\n<p>Med dessa tre b\u00f6cker kan du f\u00f6rdjupa f\u00f6rst\u00e5elsen om hur NATO som f\u00f6rsvarsorganisation \u00f6verg\u00e5tt till att utformas som ett verktyg f\u00f6r USAs imperialism, samt hur 1900-talets krig skapats. \u201dDe Skapade ett Blodigt 1900-tal\u201d utg\u00f6r ett gediget och omskakande historiskt dokument som med kraftfullt k\u00e4llmaterial avsl\u00f6jar de drivande krafterna och akt\u00f6rerna bakom v\u00e5r tids st\u00f6rsta katastrofer.<\/p>\n","protected":false},"excerpt":{"rendered":"<p>&nbsp;<\/p>\n<p>NATO &#8211; Ett monster p\u00e5 katastrofkurs<\/p>\n<p>F\u00f6rfattare: Hans Myrebro<br \/>\nAntal sidor: 200<br \/>\nInbunden bok<br \/>\nUtgivnings\u00e5r: 2021<br \/>\nSpr\u00e5k: Svenska<br \/>\nF\u00f6rlag: Historiskt Korrekt \u2013 Cleio International Kommanditbolag<\/p>\n<p>&nbsp;<\/p>\n<p>De skapade ett blodigt 1900-tal, del 1<\/p>\n<p>F\u00f6rfattare: Hans Myrebro<br \/>\nAntal sidor: 220<br \/>\nBindning: Inbunden<br \/>\nUtgivnings\u00e5r: 2018<br \/>\nSpr\u00e5k: Svenska<br \/>\nF\u00f6rlag: Historiskt Korrekt \u2013 Cleio International Kommanditbolag<\/p>\n<p>&nbsp;<\/p>\n<p>De skapade ett blodigt 1900-tal, del 2<\/p>\n<p>F\u00f6rfattare: Hans Myrebro<br \/>\nAntal sidor: 176<br \/>\nBindning: Inbunden<br \/>\nUtgivnings\u00e5r: 2020<br \/>\nSpr\u00e5k: Svenska<br \/>\nF\u00f6rlag: Historiskt Korrekt \u2013 Cleio International Kommanditbolag<\/p>\n","protected":false},"featured_media":3710,"comment_status":"closed","ping_status":"closed","template":"","meta":[],"product_brand":[],"product_cat":[21],"product_tag":[],"class_list":{"0":"post-3501","1":"product","2":"type-product","3":"status-publish","4":"has-post-thumbnail","6":"product_cat-okategoriserad","8":"first","9":"instock","10":"sale","11":"taxable","12":"shipping-taxable","13":"purchasable","14":"product-type-simple"},"_links":{"self":[{"href":"https:\/\/historisktkorrekt.se\/en\/wp-json\/wp\/v2\/product\/3501","targetHints":{"allow":["GET"]}}],"collection":[{"href":"https:\/\/historisktkorrekt.se\/en\/wp-json\/wp\/v2\/product"}],"about":[{"href":"https:\/\/historisktkorrekt.se\/en\/wp-json\/wp\/v2\/types\/product"}],"replies":[{"embeddable":true,"href":"https:\/\/historisktkorrekt.se\/en\/wp-json\/wp\/v2\/comments?post=3501"}],"version-history":[{"count":1,"href":"https:\/\/historisktkorrekt.se\/en\/wp-json\/wp\/v2\/product\/3501\/revisions"}],"predecessor-version":[{"id":4450,"href":"https:\/\/historisktkorrekt.se\/en\/wp-json\/wp\/v2\/product\/3501\/revisions\/4450"}],"wp:featuredmedia":[{"embeddable":true,"href":"https:\/\/historisktkorrekt.se\/en\/wp-json\/wp\/v2\/media\/3710"}],"wp:attachment":[{"href":"https:\/\/historisktkorrekt.se\/en\/wp-json\/wp\/v2\/media?parent=3501"}],"wp:term":[{"taxonomy":"product_brand","embeddable":true,"href":"https:\/\/historisktkorrekt.se\/en\/wp-json\/wp\/v2\/product_brand?post=3501"},{"taxonomy":"product_cat","embeddable":true,"href":"https:\/\/historisktkorrekt.se\/en\/wp-json\/wp\/v2\/product_cat?post=3501"},{"taxonomy":"product_tag","embeddable":true,"href":"https:\/\/historisktkorrekt.se\/en\/wp-json\/wp\/v2\/product_tag?post=3501"}],"curies":[{"name":"wp","href":"https:\/\/api.w.org\/{rel}","templated":true}]}}