{"id":3188,"date":"2022-10-31T20:00:23","date_gmt":"2022-10-31T19:00:23","guid":{"rendered":"https:\/\/historisktkorrekt.se\/?post_type=product&#038;p=3188"},"modified":"2025-01-20T22:08:57","modified_gmt":"2025-01-20T21:08:57","slug":"skovde-sa-minns-jag-livet-i-en-svensk-militarstad-pa-1940-och-50-talet-inbunden-bok","status":"publish","type":"product","link":"https:\/\/historisktkorrekt.se\/en\/product\/skovde-sa-minns-jag-livet-i-en-svensk-militarstad-pa-1940-och-50-talet-inbunden-bok\/","title":{"rendered":"SK\u00d6VDE &#8211; S\u00e5 minns jag livet i en svensk milit\u00e4rstad p\u00e5 1940 och 50-talet. Inbunden bok"},"content":{"rendered":"<p>Sk\u00f6vde \u00e4r inte l\u00e4ngre den obetydliga prick i skuggan av Billingen, som Carl von Linn\u00e9 beskrev den som. Staden har spelat roll under olika tider och p\u00e5 olika s\u00e4tt.<\/p>\n<p>Inte minst under Andra V\u00e4rldskriget fick den ta p\u00e5 sig en tung milit\u00e4rstrategisk uppgift. Med tre regementen och en Milo-stab samt l\u00e5ngt mer \u00e4n 10 000 milit\u00e4rer mer \u00e4n f\u00f6rdubblades stadens befolkning under fem \u00e5r. En milj\u00f6 som \u00e4nd\u00e5 skildras med humor och v\u00e4rme.<\/p>\n<p>Det kan d\u00e4rf\u00f6r vara viktigt och givande att \u00e5teruppliva minnet av det som vi d\u00e5 p\u00e5 n\u00e4ra h\u00e5ll fick uppleva som det t\u00e4nkbara \u2013 och som nu, 80 \u00e5r senare, tornar upp sig igen som hot, och tyv\u00e4rr inte l\u00e4ngre som det ot\u00e4nkbara.<\/p>\n","protected":false},"excerpt":{"rendered":"<p align=\"justify\">Inbunden Bok<\/p>\n<p align=\"justify\">F\u00f6rfattare: Jan Westh<br \/>\nAntal sidor: 105<br \/>\nUtgivnings\u00e5r: 2022<br \/>\nSpr\u00e5k: Svenska<br \/>\nF\u00f6rlag: Historiskt Korrekt &#8211; Cleio International Kommanditbolag<\/p>\n","protected":false},"featured_media":3728,"comment_status":"closed","ping_status":"closed","template":"","meta":[],"product_brand":[],"product_cat":[21,22],"product_tag":[],"class_list":{"0":"post-3188","1":"product","2":"type-product","3":"status-publish","4":"has-post-thumbnail","6":"product_cat-okategoriserad","7":"product_cat-historia","9":"first","10":"outofstock","11":"taxable","12":"shipping-taxable","13":"purchasable","14":"product-type-simple"},"_links":{"self":[{"href":"https:\/\/historisktkorrekt.se\/en\/wp-json\/wp\/v2\/product\/3188","targetHints":{"allow":["GET"]}}],"collection":[{"href":"https:\/\/historisktkorrekt.se\/en\/wp-json\/wp\/v2\/product"}],"about":[{"href":"https:\/\/historisktkorrekt.se\/en\/wp-json\/wp\/v2\/types\/product"}],"replies":[{"embeddable":true,"href":"https:\/\/historisktkorrekt.se\/en\/wp-json\/wp\/v2\/comments?post=3188"}],"version-history":[{"count":1,"href":"https:\/\/historisktkorrekt.se\/en\/wp-json\/wp\/v2\/product\/3188\/revisions"}],"predecessor-version":[{"id":4012,"href":"https:\/\/historisktkorrekt.se\/en\/wp-json\/wp\/v2\/product\/3188\/revisions\/4012"}],"wp:featuredmedia":[{"embeddable":true,"href":"https:\/\/historisktkorrekt.se\/en\/wp-json\/wp\/v2\/media\/3728"}],"wp:attachment":[{"href":"https:\/\/historisktkorrekt.se\/en\/wp-json\/wp\/v2\/media?parent=3188"}],"wp:term":[{"taxonomy":"product_brand","embeddable":true,"href":"https:\/\/historisktkorrekt.se\/en\/wp-json\/wp\/v2\/product_brand?post=3188"},{"taxonomy":"product_cat","embeddable":true,"href":"https:\/\/historisktkorrekt.se\/en\/wp-json\/wp\/v2\/product_cat?post=3188"},{"taxonomy":"product_tag","embeddable":true,"href":"https:\/\/historisktkorrekt.se\/en\/wp-json\/wp\/v2\/product_tag?post=3188"}],"curies":[{"name":"wp","href":"https:\/\/api.w.org\/{rel}","templated":true}]}}