{"id":2724,"date":"2021-10-25T12:42:31","date_gmt":"2021-10-25T11:42:31","guid":{"rendered":"https:\/\/historisktkorrekt.se\/?post_type=product&#038;p=2724"},"modified":"2025-06-25T14:48:46","modified_gmt":"2025-06-25T13:48:46","slug":"nato-ett-monster-pa-katastrofkurs","status":"publish","type":"product","link":"https:\/\/historisktkorrekt.se\/en\/product\/nato-ett-monster-pa-katastrofkurs\/","title":{"rendered":"NATO &#8211; Ett monster p\u00e5 katastrofkurs. Mjukp\u00e4rm"},"content":{"rendered":"<p>NATO:s \u00f6verg\u00e5ng fr\u00e5n att ha varit en f\u00f6rsvarsorganisation till att utformas som ett verktyg f\u00f6r USA:s imperialism, har inte kunnat ske utan en av sionistiska krafter styrd massmedial kommandostruktur.<\/p>\n<p>F\u00f6ljden har blivit ett NATO f\u00f6r vilken folkr\u00e4tten och m\u00e4nniskors \u00f6verlevnad har formats som ointressanta bagateller i str\u00e4van efter att f\u00f6rverkliga USA:s heliga vilja &#8211; som \u00e4r att etablera ett v\u00e4rldsherrav\u00e4lde.<\/p>\n<p>F\u00f6ljden har ocks\u00e5 blivit, att under de \u00e5r som g\u00e5tt fr\u00e5n 2001 till nu, har USA och dess NATO- allierade invaderat och ockuperat, d\u00f6dat, allvarligt skadat och f\u00f6rdrivit mer \u00e4n 10 miljoner m\u00e4nniskor fr\u00e5n Mellan\u00f6stern och Nordafrika.<\/p>\n<p>Nu vill man g\u00e5 vidare med sina h\u00e4rjningar, samtidigt som man f\u00f6rs\u00f6ker peka ut ryska aggressioner, vilka man dock inte kan ge exempel p\u00e5.<\/p>\n<blockquote><p>&#8220;Hans Myrebro, (pseudonym), has written a very important analysis of NATO; it gives me great pleasure to recommend the book to everybody interested in politics. The book is aalso very timely given President Elect Trump critique of NATO as outmoded, pass\u00e9, and EU launching its own army independent of the USA.&#8221;<\/p><\/blockquote>\n<p>\u2013 Johan Galtung, Professor of Peace Studies<\/p>\n<blockquote><p>&#8220;NATO &#8211; ett monster p\u00e5 katastrofkurs&#8221;, \u00e4r en l\u00e4ttl\u00e4st och v\u00e4ldokumenterad skildring av NATO:s destruktiva och morbida verksamhet under 15-20 \u00e5r&#8221;.<\/p><\/blockquote>\n<p>\u2013 Pia Hellertz, Fil. dr.<\/p>\n","protected":false},"excerpt":{"rendered":"<p align=\"justify\">F\u00f6rfattare: Hans Myrebro<br \/>\nAntal sidor: 200<br \/>\nMjukp\u00e4rm<br \/>\nUtgivnings\u00e5r: 2021<br \/>\nSpr\u00e5k: Svenska<br \/>\nF\u00f6rlag: Historiskt Korrekt &#8211; Cleio International KB<\/p>\n<p align=\"justify\">\n","protected":false},"featured_media":4338,"comment_status":"open","ping_status":"closed","template":"","meta":[],"product_brand":[],"product_cat":[21],"product_tag":[6],"class_list":{"0":"post-2724","1":"product","2":"type-product","3":"status-publish","4":"has-post-thumbnail","6":"product_cat-okategoriserad","7":"product_tag-nato","9":"first","10":"instock","11":"taxable","12":"shipping-taxable","13":"purchasable","14":"product-type-simple"},"_links":{"self":[{"href":"https:\/\/historisktkorrekt.se\/en\/wp-json\/wp\/v2\/product\/2724","targetHints":{"allow":["GET"]}}],"collection":[{"href":"https:\/\/historisktkorrekt.se\/en\/wp-json\/wp\/v2\/product"}],"about":[{"href":"https:\/\/historisktkorrekt.se\/en\/wp-json\/wp\/v2\/types\/product"}],"replies":[{"embeddable":true,"href":"https:\/\/historisktkorrekt.se\/en\/wp-json\/wp\/v2\/comments?post=2724"}],"version-history":[{"count":11,"href":"https:\/\/historisktkorrekt.se\/en\/wp-json\/wp\/v2\/product\/2724\/revisions"}],"predecessor-version":[{"id":4318,"href":"https:\/\/historisktkorrekt.se\/en\/wp-json\/wp\/v2\/product\/2724\/revisions\/4318"}],"wp:featuredmedia":[{"embeddable":true,"href":"https:\/\/historisktkorrekt.se\/en\/wp-json\/wp\/v2\/media\/4338"}],"wp:attachment":[{"href":"https:\/\/historisktkorrekt.se\/en\/wp-json\/wp\/v2\/media?parent=2724"}],"wp:term":[{"taxonomy":"product_brand","embeddable":true,"href":"https:\/\/historisktkorrekt.se\/en\/wp-json\/wp\/v2\/product_brand?post=2724"},{"taxonomy":"product_cat","embeddable":true,"href":"https:\/\/historisktkorrekt.se\/en\/wp-json\/wp\/v2\/product_cat?post=2724"},{"taxonomy":"product_tag","embeddable":true,"href":"https:\/\/historisktkorrekt.se\/en\/wp-json\/wp\/v2\/product_tag?post=2724"}],"curies":[{"name":"wp","href":"https:\/\/api.w.org\/{rel}","templated":true}]}}