{"id":1092,"date":"2020-12-01T13:26:34","date_gmt":"2020-12-01T12:26:34","guid":{"rendered":"https:\/\/historisktkorrekt.se\/?post_type=product&#038;p=1092"},"modified":"2026-02-20T14:44:44","modified_gmt":"2026-02-20T13:44:44","slug":"de-skapade-ett-blodigt-1900-tal-del-2","status":"publish","type":"product","link":"https:\/\/historisktkorrekt.se\/en\/product\/de-skapade-ett-blodigt-1900-tal-del-2\/","title":{"rendered":"De skapade ett blodigt 1900-tal. Del 2. Inbunden bok"},"content":{"rendered":"<p class=\"western\" lang=\"en-US\" align=\"left\"><span style=\"font-size: large;\"><span lang=\"sv-SE\">Efter att man l\u00e4st f\u00f6rsta delen av \u201dDe skapade ett blodigt 1900-tal\u201d, som p\u00e5 ett pedagogiskt s\u00e4tt avsl\u00f6jar de krafter som kunde iscens\u00e4tta tv\u00e5 krig mot Tyskland, s\u00e5 fanns kanske f\u00f6rhoppningen om att i och med att Andra v\u00e4rldskriget avslutades och Nationalsocialismen krossats, s\u00e5 skulle de goda krafterna f\u00e5 sin chans och en universell fred skulle r\u00e5da. Men nej, situationen i Europa och \u00f6vriga v\u00e4rlden har undan f\u00f6r undan blivit mer och mer f\u00f6rintande och krigiskt sv\u00e5rbem\u00e4strad. Det var allts\u00e5 inte Nationalsocialismens agerande som fick f\u00f6rfattaren att st\u00e4mpla 1900-talet som ett blodigt \u00e5rhundrade. Nya avsl\u00f6janden f\u00f6ljer i denna del 2.<\/span><\/span><\/p>\n","protected":false},"excerpt":{"rendered":"<p style=\"text-align: left;\">F\u00f6rfattare: Hans Myrebro<br \/>\nAntal sidor: 176<br \/>\nBindning: Inbunden<br \/>\nUtgivnings\u00e5r: 2020<br \/>\nSpr\u00e5k: Svenska<br \/>\nF\u00f6rlag: Historiskt Korrekt &#8211; Cleio International KB<\/p>\n","protected":false},"featured_media":4319,"comment_status":"closed","ping_status":"closed","template":"","meta":[],"product_brand":[],"product_cat":[22],"product_tag":[23,26,24,27,25],"class_list":{"0":"post-1092","1":"product","2":"type-product","3":"status-publish","4":"has-post-thumbnail","6":"product_cat-historia","7":"product_tag-1900-talets-historia","8":"product_tag-hans-myrebro","9":"product_tag-historiabocker","10":"product_tag-historieundervisning","11":"product_tag-historiskt-korrekt","13":"first","14":"outofstock","15":"taxable","16":"shipping-taxable","17":"purchasable","18":"product-type-simple"},"_links":{"self":[{"href":"https:\/\/historisktkorrekt.se\/en\/wp-json\/wp\/v2\/product\/1092","targetHints":{"allow":["GET"]}}],"collection":[{"href":"https:\/\/historisktkorrekt.se\/en\/wp-json\/wp\/v2\/product"}],"about":[{"href":"https:\/\/historisktkorrekt.se\/en\/wp-json\/wp\/v2\/types\/product"}],"replies":[{"embeddable":true,"href":"https:\/\/historisktkorrekt.se\/en\/wp-json\/wp\/v2\/comments?post=1092"}],"version-history":[{"count":3,"href":"https:\/\/historisktkorrekt.se\/en\/wp-json\/wp\/v2\/product\/1092\/revisions"}],"predecessor-version":[{"id":4323,"href":"https:\/\/historisktkorrekt.se\/en\/wp-json\/wp\/v2\/product\/1092\/revisions\/4323"}],"wp:featuredmedia":[{"embeddable":true,"href":"https:\/\/historisktkorrekt.se\/en\/wp-json\/wp\/v2\/media\/4319"}],"wp:attachment":[{"href":"https:\/\/historisktkorrekt.se\/en\/wp-json\/wp\/v2\/media?parent=1092"}],"wp:term":[{"taxonomy":"product_brand","embeddable":true,"href":"https:\/\/historisktkorrekt.se\/en\/wp-json\/wp\/v2\/product_brand?post=1092"},{"taxonomy":"product_cat","embeddable":true,"href":"https:\/\/historisktkorrekt.se\/en\/wp-json\/wp\/v2\/product_cat?post=1092"},{"taxonomy":"product_tag","embeddable":true,"href":"https:\/\/historisktkorrekt.se\/en\/wp-json\/wp\/v2\/product_tag?post=1092"}],"curies":[{"name":"wp","href":"https:\/\/api.w.org\/{rel}","templated":true}]}}